{"id":7619,"date":"2023-09-12T11:25:20","date_gmt":"2023-09-12T09:25:20","guid":{"rendered":"https:\/\/generations-sports.fr\/site\/?page_id=7619"},"modified":"2024-01-07T20:32:19","modified_gmt":"2024-01-07T19:32:19","slug":"activites-juniors","status":"publish","type":"page","link":"https:\/\/generations-sports.fr\/site\/activites-juniors\/","title":{"rendered":"Activit\u00e9s juniors"},"content":{"rendered":"\t\t<div data-elementor-type=\"wp-page\" data-elementor-id=\"7619\" class=\"elementor elementor-7619\">\n\t\t\t\t\t\t<section class=\"elementor-section elementor-top-section elementor-element elementor-element-d00c407 elementor-section-height-min-height elementor-section-boxed elementor-section-height-default elementor-section-items-middle\" data-id=\"d00c407\" data-element_type=\"section\" data-e-type=\"section\" data-settings=\"{&quot;background_background&quot;:&quot;classic&quot;}\">\n\t\t\t\t\t\t<div class=\"elementor-container elementor-column-gap-extended\">\n\t\t\t\t\t<div class=\"elementor-column elementor-col-100 elementor-top-column elementor-element elementor-element-b1b6da1\" data-id=\"b1b6da1\" data-element_type=\"column\" data-e-type=\"column\">\n\t\t\t<div class=\"elementor-widget-wrap elementor-element-populated\">\n\t\t\t\t\t\t<div class=\"elementor-element elementor-element-d824457 elementor-widget elementor-widget-heading\" data-id=\"d824457\" data-element_type=\"widget\" data-e-type=\"widget\" data-widget_type=\"heading.default\">\n\t\t\t\t<div class=\"elementor-widget-container\">\n\t\t\t\t\t<h1 class=\"elementor-heading-title elementor-size-default\">ANNIVERSAIRE ENFANT<\/h1>\t\t\t\t<\/div>\n\t\t\t\t<\/div>\n\t\t\t\t\t<\/div>\n\t\t<\/div>\n\t\t\t\t\t<\/div>\n\t\t<\/section>\n\t\t\t\t<section class=\"elementor-section elementor-top-section elementor-element elementor-element-5c71d73 elementor-section-boxed elementor-section-height-default elementor-section-height-default\" data-id=\"5c71d73\" data-element_type=\"section\" data-e-type=\"section\" data-settings=\"{&quot;background_background&quot;:&quot;classic&quot;}\">\n\t\t\t\t\t\t<div class=\"elementor-container elementor-column-gap-default\">\n\t\t\t\t\t<div class=\"elementor-column elementor-col-100 elementor-top-column elementor-element elementor-element-4cccfa1\" data-id=\"4cccfa1\" data-element_type=\"column\" data-e-type=\"column\">\n\t\t\t<div class=\"elementor-widget-wrap elementor-element-populated\">\n\t\t\t\t\t\t<section class=\"elementor-section elementor-inner-section elementor-element elementor-element-276b1e6 elementor-section-content-middle elementor-section-boxed elementor-section-height-default elementor-section-height-default\" data-id=\"276b1e6\" data-element_type=\"section\" data-e-type=\"section\">\n\t\t\t\t\t\t<div class=\"elementor-container elementor-column-gap-default\">\n\t\t\t\t\t<div class=\"elementor-column elementor-col-100 elementor-inner-column elementor-element elementor-element-b4c77bb\" data-id=\"b4c77bb\" data-element_type=\"column\" data-e-type=\"column\">\n\t\t\t<div class=\"elementor-widget-wrap elementor-element-populated\">\n\t\t\t\t\t\t<div class=\"elementor-element elementor-element-faea58d elementor-widget elementor-widget-heading\" data-id=\"faea58d\" data-element_type=\"widget\" data-e-type=\"widget\" data-widget_type=\"heading.default\">\n\t\t\t\t<div class=\"elementor-widget-container\">\n\t\t\t\t\t<span class=\"elementor-heading-title elementor-size-large\">G\u00e9n\u00e9rations Sports propose d'organiser l'anniversaire de votre enfant les mercredis et samedis apr\u00e8s midi !<\/span>\t\t\t\t<\/div>\n\t\t\t\t<\/div>\n\t\t\t\t\t<\/div>\n\t\t<\/div>\n\t\t\t\t\t<\/div>\n\t\t<\/section>\n\t\t\t\t<section class=\"elementor-section elementor-inner-section elementor-element elementor-element-18c140a elementor-section-boxed elementor-section-height-default elementor-section-height-default\" data-id=\"18c140a\" data-element_type=\"section\" data-e-type=\"section\">\n\t\t\t\t\t\t<div class=\"elementor-container elementor-column-gap-default\">\n\t\t\t\t\t<div class=\"elementor-column elementor-col-33 elementor-inner-column elementor-element elementor-element-cc3baa5\" data-id=\"cc3baa5\" data-element_type=\"column\" data-e-type=\"column\">\n\t\t\t<div class=\"elementor-widget-wrap elementor-element-populated\">\n\t\t\t\t\t\t<div class=\"elementor-element elementor-element-34ba5dc elementor-widget elementor-widget-image\" data-id=\"34ba5dc\" data-element_type=\"widget\" data-e-type=\"widget\" data-widget_type=\"image.default\">\n\t\t\t\t<div class=\"elementor-widget-container\">\n\t\t\t\t\t\t\t\t\t\t\t\t\t\t\t<img fetchpriority=\"high\" decoding=\"async\" width=\"2560\" height=\"1510\" src=\"https:\/\/generations-sports.fr\/site\/wp-content\/uploads\/2023\/01\/IMG_20230109_104532-scaled.jpg\" class=\"attachment-full size-full wp-image-7308\" alt=\"\" srcset=\"https:\/\/generations-sports.fr\/site\/wp-content\/uploads\/2023\/01\/IMG_20230109_104532-scaled.jpg 2560w, https:\/\/generations-sports.fr\/site\/wp-content\/uploads\/2023\/01\/IMG_20230109_104532-300x177.jpg 300w, https:\/\/generations-sports.fr\/site\/wp-content\/uploads\/2023\/01\/IMG_20230109_104532-1024x604.jpg 1024w, https:\/\/generations-sports.fr\/site\/wp-content\/uploads\/2023\/01\/IMG_20230109_104532-768x453.jpg 768w, https:\/\/generations-sports.fr\/site\/wp-content\/uploads\/2023\/01\/IMG_20230109_104532-1536x906.jpg 1536w, https:\/\/generations-sports.fr\/site\/wp-content\/uploads\/2023\/01\/IMG_20230109_104532-2048x1208.jpg 2048w, https:\/\/generations-sports.fr\/site\/wp-content\/uploads\/2023\/01\/IMG_20230109_104532-320x189.jpg 320w, https:\/\/generations-sports.fr\/site\/wp-content\/uploads\/2023\/01\/IMG_20230109_104532-480x283.jpg 480w, https:\/\/generations-sports.fr\/site\/wp-content\/uploads\/2023\/01\/IMG_20230109_104532-800x472.jpg 800w\" sizes=\"(max-width: 2560px) 100vw, 2560px\" \/>\t\t\t\t\t\t\t\t\t\t\t\t\t\t\t<\/div>\n\t\t\t\t<\/div>\n\t\t\t\t<div class=\"elementor-element elementor-element-c2a7ea7 elementor-widget elementor-widget-heading\" data-id=\"c2a7ea7\" data-element_type=\"widget\" data-e-type=\"widget\" data-widget_type=\"heading.default\">\n\t\t\t\t<div class=\"elementor-widget-container\">\n\t\t\t\t\t<h3 class=\"elementor-heading-title elementor-size-default\">Des activit\u00e9s aux choix !<\/h3>\t\t\t\t<\/div>\n\t\t\t\t<\/div>\n\t\t\t\t<div class=\"elementor-element elementor-element-29586fb elementor-widget-divider--view-line elementor-widget elementor-widget-divider\" data-id=\"29586fb\" data-element_type=\"widget\" data-e-type=\"widget\" data-widget_type=\"divider.default\">\n\t\t\t\t<div class=\"elementor-widget-container\">\n\t\t\t\t\t\t\t<div class=\"elementor-divider\">\n\t\t\t<span class=\"elementor-divider-separator\">\n\t\t\t\t\t\t<\/span>\n\t\t<\/div>\n\t\t\t\t\t\t<\/div>\n\t\t\t\t<\/div>\n\t\t\t\t<div class=\"elementor-element elementor-element-aa14b08 elementor-widget elementor-widget-text-editor\" data-id=\"aa14b08\" data-element_type=\"widget\" data-e-type=\"widget\" data-widget_type=\"text-editor.default\">\n\t\t\t\t<div class=\"elementor-widget-container\">\n\t\t\t\t\t\t\t\t\t<p>Notre \u00e9quipe peut vous proposer un large choix d&rsquo;activit\u00e9s pour animer l&rsquo;apr\u00e8s-midi : gym, step dance, floorbal, jeux coop\u00e9ratifs, jeux d&rsquo;animation, jeux pr\u00e9-sportifs, etc.<\/p><p>Les enfants sont encadr\u00e9s pendant toute la dur\u00e9e de l&rsquo;anniversaire.<\/p>\t\t\t\t\t\t\t\t<\/div>\n\t\t\t\t<\/div>\n\t\t\t\t\t<\/div>\n\t\t<\/div>\n\t\t\t\t<div class=\"elementor-column elementor-col-33 elementor-inner-column elementor-element elementor-element-2517074\" data-id=\"2517074\" data-element_type=\"column\" data-e-type=\"column\">\n\t\t\t<div class=\"elementor-widget-wrap elementor-element-populated\">\n\t\t\t\t\t\t<div class=\"elementor-element elementor-element-8363581 elementor-widget elementor-widget-image\" data-id=\"8363581\" data-element_type=\"widget\" data-e-type=\"widget\" data-widget_type=\"image.default\">\n\t\t\t\t<div class=\"elementor-widget-container\">\n\t\t\t\t\t\t\t\t\t\t\t\t\t\t\t<img decoding=\"async\" width=\"2560\" height=\"1046\" src=\"https:\/\/generations-sports.fr\/site\/wp-content\/uploads\/2023\/09\/IMG_20221203_153509-scaled.jpg\" class=\"attachment-full size-full wp-image-7622\" alt=\"\" srcset=\"https:\/\/generations-sports.fr\/site\/wp-content\/uploads\/2023\/09\/IMG_20221203_153509-scaled.jpg 2560w, https:\/\/generations-sports.fr\/site\/wp-content\/uploads\/2023\/09\/IMG_20221203_153509-300x123.jpg 300w, https:\/\/generations-sports.fr\/site\/wp-content\/uploads\/2023\/09\/IMG_20221203_153509-1024x418.jpg 1024w, https:\/\/generations-sports.fr\/site\/wp-content\/uploads\/2023\/09\/IMG_20221203_153509-768x314.jpg 768w, https:\/\/generations-sports.fr\/site\/wp-content\/uploads\/2023\/09\/IMG_20221203_153509-1536x628.jpg 1536w, https:\/\/generations-sports.fr\/site\/wp-content\/uploads\/2023\/09\/IMG_20221203_153509-2048x837.jpg 2048w, https:\/\/generations-sports.fr\/site\/wp-content\/uploads\/2023\/09\/IMG_20221203_153509-320x131.jpg 320w, https:\/\/generations-sports.fr\/site\/wp-content\/uploads\/2023\/09\/IMG_20221203_153509-480x196.jpg 480w, https:\/\/generations-sports.fr\/site\/wp-content\/uploads\/2023\/09\/IMG_20221203_153509-800x327.jpg 800w\" sizes=\"(max-width: 2560px) 100vw, 2560px\" \/>\t\t\t\t\t\t\t\t\t\t\t\t\t\t\t<\/div>\n\t\t\t\t<\/div>\n\t\t\t\t<div class=\"elementor-element elementor-element-04a0c54 elementor-widget elementor-widget-heading\" data-id=\"04a0c54\" data-element_type=\"widget\" data-e-type=\"widget\" data-widget_type=\"heading.default\">\n\t\t\t\t<div class=\"elementor-widget-container\">\n\t\t\t\t\t<h3 class=\"elementor-heading-title elementor-size-default\">Le go\u00fbter d'anniversaire<\/h3>\t\t\t\t<\/div>\n\t\t\t\t<\/div>\n\t\t\t\t<div class=\"elementor-element elementor-element-92b5082 elementor-widget-divider--view-line elementor-widget elementor-widget-divider\" data-id=\"92b5082\" data-element_type=\"widget\" data-e-type=\"widget\" data-widget_type=\"divider.default\">\n\t\t\t\t<div class=\"elementor-widget-container\">\n\t\t\t\t\t\t\t<div class=\"elementor-divider\">\n\t\t\t<span class=\"elementor-divider-separator\">\n\t\t\t\t\t\t<\/span>\n\t\t<\/div>\n\t\t\t\t\t\t<\/div>\n\t\t\t\t<\/div>\n\t\t\t\t<div class=\"elementor-element elementor-element-df44689 elementor-widget elementor-widget-text-editor\" data-id=\"df44689\" data-element_type=\"widget\" data-e-type=\"widget\" data-widget_type=\"text-editor.default\">\n\t\t\t\t<div class=\"elementor-widget-container\">\n\t\t\t\t\t\t\t\t\t<p>Plusieures \u00e9tapes :<\/p><p>1. Accueil des invit\u00e9s<\/p><p>2. Premi\u00e8re partie d&rsquo;activit\u00e9s<\/p><p>3. Go\u00fbter<\/p><p>4. Deuxi\u00e8me partie d&rsquo;activit\u00e9s<\/p><p>5. Remise des cadeaux<\/p><p>6. Retour des parents<\/p><p>Un espace est sp\u00e9cialement am\u00e9nag\u00e9 pour accueillir les enfants et familles d&rsquo;invit\u00e9s<\/p><p><i>Vous ramenez g\u00e2teaux et boissons<\/i><\/p>\t\t\t\t\t\t\t\t<\/div>\n\t\t\t\t<\/div>\n\t\t\t\t\t<\/div>\n\t\t<\/div>\n\t\t\t\t<div class=\"elementor-column elementor-col-33 elementor-inner-column elementor-element elementor-element-6d13ade\" data-id=\"6d13ade\" data-element_type=\"column\" data-e-type=\"column\">\n\t\t\t<div class=\"elementor-widget-wrap elementor-element-populated\">\n\t\t\t\t\t\t<div class=\"elementor-element elementor-element-699c5e1 elementor-widget elementor-widget-image\" data-id=\"699c5e1\" data-element_type=\"widget\" data-e-type=\"widget\" data-widget_type=\"image.default\">\n\t\t\t\t<div class=\"elementor-widget-container\">\n\t\t\t\t\t\t\t\t\t\t\t\t\t\t\t<img decoding=\"async\" width=\"1916\" height=\"2560\" src=\"https:\/\/generations-sports.fr\/site\/wp-content\/uploads\/2023\/01\/IMG_20221210_143320-scaled.jpg\" class=\"attachment-full size-full wp-image-7309\" alt=\"\" srcset=\"https:\/\/generations-sports.fr\/site\/wp-content\/uploads\/2023\/01\/IMG_20221210_143320-scaled.jpg 1916w, https:\/\/generations-sports.fr\/site\/wp-content\/uploads\/2023\/01\/IMG_20221210_143320-224x300.jpg 224w, https:\/\/generations-sports.fr\/site\/wp-content\/uploads\/2023\/01\/IMG_20221210_143320-766x1024.jpg 766w, https:\/\/generations-sports.fr\/site\/wp-content\/uploads\/2023\/01\/IMG_20221210_143320-768x1026.jpg 768w, https:\/\/generations-sports.fr\/site\/wp-content\/uploads\/2023\/01\/IMG_20221210_143320-1149x1536.jpg 1149w, https:\/\/generations-sports.fr\/site\/wp-content\/uploads\/2023\/01\/IMG_20221210_143320-1532x2048.jpg 1532w, https:\/\/generations-sports.fr\/site\/wp-content\/uploads\/2023\/01\/IMG_20221210_143320-320x428.jpg 320w, https:\/\/generations-sports.fr\/site\/wp-content\/uploads\/2023\/01\/IMG_20221210_143320-480x641.jpg 480w, https:\/\/generations-sports.fr\/site\/wp-content\/uploads\/2023\/01\/IMG_20221210_143320-800x1069.jpg 800w\" sizes=\"(max-width: 1916px) 100vw, 1916px\" \/>\t\t\t\t\t\t\t\t\t\t\t\t\t\t\t<\/div>\n\t\t\t\t<\/div>\n\t\t\t\t<div class=\"elementor-element elementor-element-a6df054 elementor-widget elementor-widget-heading\" data-id=\"a6df054\" data-element_type=\"widget\" data-e-type=\"widget\" data-widget_type=\"heading.default\">\n\t\t\t\t<div class=\"elementor-widget-container\">\n\t\t\t\t\t<h3 class=\"elementor-heading-title elementor-size-default\">A savoir !<\/h3>\t\t\t\t<\/div>\n\t\t\t\t<\/div>\n\t\t\t\t<div class=\"elementor-element elementor-element-b641c2f elementor-widget-divider--view-line elementor-widget elementor-widget-divider\" data-id=\"b641c2f\" data-element_type=\"widget\" data-e-type=\"widget\" data-widget_type=\"divider.default\">\n\t\t\t\t<div class=\"elementor-widget-container\">\n\t\t\t\t\t\t\t<div class=\"elementor-divider\">\n\t\t\t<span class=\"elementor-divider-separator\">\n\t\t\t\t\t\t<\/span>\n\t\t<\/div>\n\t\t\t\t\t\t<\/div>\n\t\t\t\t<\/div>\n\t\t\t\t<div class=\"elementor-element elementor-element-3ecb485 elementor-widget elementor-widget-text-editor\" data-id=\"3ecb485\" data-element_type=\"widget\" data-e-type=\"widget\" data-widget_type=\"text-editor.default\">\n\t\t\t\t<div class=\"elementor-widget-container\">\n\t\t\t\t\t\t\t\t\t<p>Anniversaire enfants \u00e0 partir de 5 ans<\/p><p>mercredi ou samedi<\/p><p>de 14h \u00e0 16h30<\/p><p>tarif 159\u20ac<\/p>\t\t\t\t\t\t\t\t<\/div>\n\t\t\t\t<\/div>\n\t\t\t\t\t<\/div>\n\t\t<\/div>\n\t\t\t\t\t<\/div>\n\t\t<\/section>\n\t\t\t\t\t<\/div>\n\t\t<\/div>\n\t\t\t\t\t<\/div>\n\t\t<\/section>\n\t\t\t\t<\/div>\n\t\t","protected":false},"excerpt":{"rendered":"<p>ANNIVERSAIRE ENFANT G\u00e9n\u00e9rations Sports propose d&rsquo;organiser l&rsquo;anniversaire de votre enfant les mercredis et samedis apr\u00e8s midi ! Des activit\u00e9s aux choix ! Notre \u00e9quipe peut vous proposer un large choix d&rsquo;activit\u00e9s pour animer l&rsquo;apr\u00e8s-midi : gym, step dance, floorbal, jeux coop\u00e9ratifs, jeux d&rsquo;animation, jeux pr\u00e9-sportifs, etc. Les enfants sont encadr\u00e9s pendant toute la dur\u00e9e de&hellip;&nbsp;<a href=\"https:\/\/generations-sports.fr\/site\/activites-juniors\/\" rel=\"bookmark\">Lire la suite &raquo;<span class=\"screen-reader-text\">Activit\u00e9s juniors<\/span><\/a><\/p>\n","protected":false},"author":1,"featured_media":0,"parent":0,"menu_order":0,"comment_status":"closed","ping_status":"closed","template":"page-templates\/template-pagebuilder-full-width.php","meta":{"neve_meta_sidebar":"full-width","neve_meta_container":"","neve_meta_enable_content_width":"on","neve_meta_content_width":100,"neve_meta_title_alignment":"","neve_meta_author_avatar":"","neve_post_elements_order":"","neve_meta_disable_header":"","neve_meta_disable_footer":"","neve_meta_disable_title":"","footnotes":""},"class_list":["post-7619","page","type-page","status-publish","hentry"],"yoast_head":"<!-- This site is optimized with the Yoast SEO plugin v27.5 - https:\/\/yoast.com\/product\/yoast-seo-wordpress\/ -->\n<title>Activit\u00e9s juniors - G\u00e9n\u00e9rations Sports<\/title>\n<meta name=\"robots\" content=\"index, follow, max-snippet:-1, max-image-preview:large, max-video-preview:-1\" \/>\n<link rel=\"canonical\" href=\"https:\/\/generations-sports.fr\/site\/activites-juniors\/\" \/>\n<meta property=\"og:locale\" content=\"fr_FR\" \/>\n<meta property=\"og:type\" content=\"article\" \/>\n<meta property=\"og:title\" content=\"Activit\u00e9s juniors - G\u00e9n\u00e9rations Sports\" \/>\n<meta property=\"og:description\" content=\"ANNIVERSAIRE ENFANT G\u00e9n\u00e9rations Sports propose d&rsquo;organiser l&rsquo;anniversaire de votre enfant les mercredis et samedis apr\u00e8s midi ! Des activit\u00e9s aux choix ! Notre \u00e9quipe peut vous proposer un large choix d&rsquo;activit\u00e9s pour animer l&rsquo;apr\u00e8s-midi : gym, step dance, floorbal, jeux coop\u00e9ratifs, jeux d&rsquo;animation, jeux pr\u00e9-sportifs, etc. Les enfants sont encadr\u00e9s pendant toute la dur\u00e9e de&hellip;&nbsp;Lire la suite &raquo;Activit\u00e9s juniors\" \/>\n<meta property=\"og:url\" content=\"https:\/\/generations-sports.fr\/site\/activites-juniors\/\" \/>\n<meta property=\"og:site_name\" content=\"G\u00e9n\u00e9rations Sports\" \/>\n<meta property=\"article:modified_time\" content=\"2024-01-07T19:32:19+00:00\" \/>\n<meta property=\"og:image\" content=\"https:\/\/generations-sports.fr\/site\/wp-content\/uploads\/2023\/01\/IMG_20230109_104532-scaled.jpg\" \/>\n<meta name=\"twitter:card\" content=\"summary_large_image\" \/>\n<meta name=\"twitter:label1\" content=\"Dur\u00e9e de lecture estim\u00e9e\" \/>\n\t<meta name=\"twitter:data1\" content=\"1 minute\" \/>\n<script type=\"application\/ld+json\" class=\"yoast-schema-graph\">{\"@context\":\"https:\\\/\\\/schema.org\",\"@graph\":[{\"@type\":\"WebPage\",\"@id\":\"https:\\\/\\\/generations-sports.fr\\\/site\\\/activites-juniors\\\/\",\"url\":\"https:\\\/\\\/generations-sports.fr\\\/site\\\/activites-juniors\\\/\",\"name\":\"Activit\u00e9s juniors - G\u00e9n\u00e9rations Sports\",\"isPartOf\":{\"@id\":\"https:\\\/\\\/generations-sports.fr\\\/site\\\/#website\"},\"primaryImageOfPage\":{\"@id\":\"https:\\\/\\\/generations-sports.fr\\\/site\\\/activites-juniors\\\/#primaryimage\"},\"image\":{\"@id\":\"https:\\\/\\\/generations-sports.fr\\\/site\\\/activites-juniors\\\/#primaryimage\"},\"thumbnailUrl\":\"https:\\\/\\\/generations-sports.fr\\\/site\\\/wp-content\\\/uploads\\\/2023\\\/01\\\/IMG_20230109_104532-scaled.jpg\",\"datePublished\":\"2023-09-12T09:25:20+00:00\",\"dateModified\":\"2024-01-07T19:32:19+00:00\",\"breadcrumb\":{\"@id\":\"https:\\\/\\\/generations-sports.fr\\\/site\\\/activites-juniors\\\/#breadcrumb\"},\"inLanguage\":\"fr-FR\",\"potentialAction\":[{\"@type\":\"ReadAction\",\"target\":[\"https:\\\/\\\/generations-sports.fr\\\/site\\\/activites-juniors\\\/\"]}]},{\"@type\":\"ImageObject\",\"inLanguage\":\"fr-FR\",\"@id\":\"https:\\\/\\\/generations-sports.fr\\\/site\\\/activites-juniors\\\/#primaryimage\",\"url\":\"https:\\\/\\\/generations-sports.fr\\\/site\\\/wp-content\\\/uploads\\\/2023\\\/01\\\/IMG_20230109_104532-scaled.jpg\",\"contentUrl\":\"https:\\\/\\\/generations-sports.fr\\\/site\\\/wp-content\\\/uploads\\\/2023\\\/01\\\/IMG_20230109_104532-scaled.jpg\",\"width\":2560,\"height\":1510},{\"@type\":\"BreadcrumbList\",\"@id\":\"https:\\\/\\\/generations-sports.fr\\\/site\\\/activites-juniors\\\/#breadcrumb\",\"itemListElement\":[{\"@type\":\"ListItem\",\"position\":1,\"name\":\"Accueil\",\"item\":\"https:\\\/\\\/generations-sports.fr\\\/site\\\/\"},{\"@type\":\"ListItem\",\"position\":2,\"name\":\"Activit\u00e9s juniors\"}]},{\"@type\":\"WebSite\",\"@id\":\"https:\\\/\\\/generations-sports.fr\\\/site\\\/#website\",\"url\":\"https:\\\/\\\/generations-sports.fr\\\/site\\\/\",\"name\":\"G\u00e9n\u00e9rations Sports\",\"description\":\"Forme et bien-\u00eatre pour tous\",\"publisher\":{\"@id\":\"https:\\\/\\\/generations-sports.fr\\\/site\\\/#organization\"},\"potentialAction\":[{\"@type\":\"SearchAction\",\"target\":{\"@type\":\"EntryPoint\",\"urlTemplate\":\"https:\\\/\\\/generations-sports.fr\\\/site\\\/?s={search_term_string}\"},\"query-input\":{\"@type\":\"PropertyValueSpecification\",\"valueRequired\":true,\"valueName\":\"search_term_string\"}}],\"inLanguage\":\"fr-FR\"},{\"@type\":\"Organization\",\"@id\":\"https:\\\/\\\/generations-sports.fr\\\/site\\\/#organization\",\"name\":\"G\u00e9n\u00e9rations Sports\",\"url\":\"https:\\\/\\\/generations-sports.fr\\\/site\\\/\",\"logo\":{\"@type\":\"ImageObject\",\"inLanguage\":\"fr-FR\",\"@id\":\"https:\\\/\\\/generations-sports.fr\\\/site\\\/#\\\/schema\\\/logo\\\/image\\\/\",\"url\":\"https:\\\/\\\/generations-sports.fr\\\/site\\\/wp-content\\\/uploads\\\/2016\\\/04\\\/logo_GS_site-1.png\",\"contentUrl\":\"https:\\\/\\\/generations-sports.fr\\\/site\\\/wp-content\\\/uploads\\\/2016\\\/04\\\/logo_GS_site-1.png\",\"width\":641,\"height\":208,\"caption\":\"G\u00e9n\u00e9rations Sports\"},\"image\":{\"@id\":\"https:\\\/\\\/generations-sports.fr\\\/site\\\/#\\\/schema\\\/logo\\\/image\\\/\"}}]}<\/script>\n<!-- \/ Yoast SEO plugin. -->","yoast_head_json":{"title":"Activit\u00e9s juniors - G\u00e9n\u00e9rations Sports","robots":{"index":"index","follow":"follow","max-snippet":"max-snippet:-1","max-image-preview":"max-image-preview:large","max-video-preview":"max-video-preview:-1"},"canonical":"https:\/\/generations-sports.fr\/site\/activites-juniors\/","og_locale":"fr_FR","og_type":"article","og_title":"Activit\u00e9s juniors - G\u00e9n\u00e9rations Sports","og_description":"ANNIVERSAIRE ENFANT G\u00e9n\u00e9rations Sports propose d&rsquo;organiser l&rsquo;anniversaire de votre enfant les mercredis et samedis apr\u00e8s midi ! Des activit\u00e9s aux choix ! Notre \u00e9quipe peut vous proposer un large choix d&rsquo;activit\u00e9s pour animer l&rsquo;apr\u00e8s-midi : gym, step dance, floorbal, jeux coop\u00e9ratifs, jeux d&rsquo;animation, jeux pr\u00e9-sportifs, etc. Les enfants sont encadr\u00e9s pendant toute la dur\u00e9e de&hellip;&nbsp;Lire la suite &raquo;Activit\u00e9s juniors","og_url":"https:\/\/generations-sports.fr\/site\/activites-juniors\/","og_site_name":"G\u00e9n\u00e9rations Sports","article_modified_time":"2024-01-07T19:32:19+00:00","og_image":[{"url":"https:\/\/generations-sports.fr\/site\/wp-content\/uploads\/2023\/01\/IMG_20230109_104532-scaled.jpg","type":"","width":"","height":""}],"twitter_card":"summary_large_image","twitter_misc":{"Dur\u00e9e de lecture estim\u00e9e":"1 minute"},"schema":{"@context":"https:\/\/schema.org","@graph":[{"@type":"WebPage","@id":"https:\/\/generations-sports.fr\/site\/activites-juniors\/","url":"https:\/\/generations-sports.fr\/site\/activites-juniors\/","name":"Activit\u00e9s juniors - G\u00e9n\u00e9rations Sports","isPartOf":{"@id":"https:\/\/generations-sports.fr\/site\/#website"},"primaryImageOfPage":{"@id":"https:\/\/generations-sports.fr\/site\/activites-juniors\/#primaryimage"},"image":{"@id":"https:\/\/generations-sports.fr\/site\/activites-juniors\/#primaryimage"},"thumbnailUrl":"https:\/\/generations-sports.fr\/site\/wp-content\/uploads\/2023\/01\/IMG_20230109_104532-scaled.jpg","datePublished":"2023-09-12T09:25:20+00:00","dateModified":"2024-01-07T19:32:19+00:00","breadcrumb":{"@id":"https:\/\/generations-sports.fr\/site\/activites-juniors\/#breadcrumb"},"inLanguage":"fr-FR","potentialAction":[{"@type":"ReadAction","target":["https:\/\/generations-sports.fr\/site\/activites-juniors\/"]}]},{"@type":"ImageObject","inLanguage":"fr-FR","@id":"https:\/\/generations-sports.fr\/site\/activites-juniors\/#primaryimage","url":"https:\/\/generations-sports.fr\/site\/wp-content\/uploads\/2023\/01\/IMG_20230109_104532-scaled.jpg","contentUrl":"https:\/\/generations-sports.fr\/site\/wp-content\/uploads\/2023\/01\/IMG_20230109_104532-scaled.jpg","width":2560,"height":1510},{"@type":"BreadcrumbList","@id":"https:\/\/generations-sports.fr\/site\/activites-juniors\/#breadcrumb","itemListElement":[{"@type":"ListItem","position":1,"name":"Accueil","item":"https:\/\/generations-sports.fr\/site\/"},{"@type":"ListItem","position":2,"name":"Activit\u00e9s juniors"}]},{"@type":"WebSite","@id":"https:\/\/generations-sports.fr\/site\/#website","url":"https:\/\/generations-sports.fr\/site\/","name":"G\u00e9n\u00e9rations Sports","description":"Forme et bien-\u00eatre pour tous","publisher":{"@id":"https:\/\/generations-sports.fr\/site\/#organization"},"potentialAction":[{"@type":"SearchAction","target":{"@type":"EntryPoint","urlTemplate":"https:\/\/generations-sports.fr\/site\/?s={search_term_string}"},"query-input":{"@type":"PropertyValueSpecification","valueRequired":true,"valueName":"search_term_string"}}],"inLanguage":"fr-FR"},{"@type":"Organization","@id":"https:\/\/generations-sports.fr\/site\/#organization","name":"G\u00e9n\u00e9rations Sports","url":"https:\/\/generations-sports.fr\/site\/","logo":{"@type":"ImageObject","inLanguage":"fr-FR","@id":"https:\/\/generations-sports.fr\/site\/#\/schema\/logo\/image\/","url":"https:\/\/generations-sports.fr\/site\/wp-content\/uploads\/2016\/04\/logo_GS_site-1.png","contentUrl":"https:\/\/generations-sports.fr\/site\/wp-content\/uploads\/2016\/04\/logo_GS_site-1.png","width":641,"height":208,"caption":"G\u00e9n\u00e9rations Sports"},"image":{"@id":"https:\/\/generations-sports.fr\/site\/#\/schema\/logo\/image\/"}}]}},"_links":{"self":[{"href":"https:\/\/generations-sports.fr\/site\/wp-json\/wp\/v2\/pages\/7619","targetHints":{"allow":["GET"]}}],"collection":[{"href":"https:\/\/generations-sports.fr\/site\/wp-json\/wp\/v2\/pages"}],"about":[{"href":"https:\/\/generations-sports.fr\/site\/wp-json\/wp\/v2\/types\/page"}],"author":[{"embeddable":true,"href":"https:\/\/generations-sports.fr\/site\/wp-json\/wp\/v2\/users\/1"}],"replies":[{"embeddable":true,"href":"https:\/\/generations-sports.fr\/site\/wp-json\/wp\/v2\/comments?post=7619"}],"version-history":[{"count":16,"href":"https:\/\/generations-sports.fr\/site\/wp-json\/wp\/v2\/pages\/7619\/revisions"}],"predecessor-version":[{"id":7856,"href":"https:\/\/generations-sports.fr\/site\/wp-json\/wp\/v2\/pages\/7619\/revisions\/7856"}],"wp:attachment":[{"href":"https:\/\/generations-sports.fr\/site\/wp-json\/wp\/v2\/media?parent=7619"}],"curies":[{"name":"wp","href":"https:\/\/api.w.org\/{rel}","templated":true}]}}