{"id":7062,"date":"2020-02-17T13:21:10","date_gmt":"2020-02-17T13:21:10","guid":{"rendered":"https:\/\/demosites.io\/fitness-gb\/?page_id=146"},"modified":"2023-09-22T10:41:46","modified_gmt":"2023-09-22T08:41:46","slug":"a5213-contact","status":"publish","type":"page","link":"https:\/\/generations-sports.fr\/site\/a5213-contact\/","title":{"rendered":"Contact"},"content":{"rendered":"\t\t<div data-elementor-type=\"wp-page\" data-elementor-id=\"7062\" class=\"elementor elementor-7062\">\n\t\t\t\t<div class=\"elementor-element elementor-element-450ceced e-flex e-con-boxed e-con e-parent\" data-id=\"450ceced\" data-element_type=\"container\" data-e-type=\"container\">\n\t\t\t\t\t<div class=\"e-con-inner\">\n\t\t\t\t<div class=\"elementor-element elementor-element-6eae04f0 elementor-widget elementor-widget-text-editor\" data-id=\"6eae04f0\" data-element_type=\"widget\" data-e-type=\"widget\" data-widget_type=\"text-editor.default\">\n\t\t\t\t<div class=\"elementor-widget-container\">\n\t\t\t\t\t\t\t\t\t<p style=\"text-align: center;\"><img fetchpriority=\"high\" decoding=\"async\" class=\"wp-image-7221 size-medium\" src=\"https:\/\/generations-sports.fr\/site\/wp-content\/uploads\/2022\/02\/eq3-3-300x225.jpg\" alt=\"\" width=\"300\" height=\"225\" srcset=\"https:\/\/generations-sports.fr\/site\/wp-content\/uploads\/2022\/02\/eq3-3-300x225.jpg 300w, https:\/\/generations-sports.fr\/site\/wp-content\/uploads\/2022\/02\/eq3-3-1024x768.jpg 1024w, https:\/\/generations-sports.fr\/site\/wp-content\/uploads\/2022\/02\/eq3-3-768x576.jpg 768w, https:\/\/generations-sports.fr\/site\/wp-content\/uploads\/2022\/02\/eq3-3-1536x1152.jpg 1536w, https:\/\/generations-sports.fr\/site\/wp-content\/uploads\/2022\/02\/eq3-3-2048x1536.jpg 2048w\" sizes=\"(max-width: 300px) 100vw, 300px\" \/><\/p>\n<div id=\"wp-block-themeisle-blocks-advanced-columns-ebcaae2c\" class=\"wp-block-themeisle-blocks-advanced-columns alignfull has-1-columns has-desktop-equal-layout has-tablet-equal-layout has-mobile-equal-layout has-default-gap has-vertical-unset\">\n<div class=\"innerblocks-wrap\">\n<div id=\"wp-block-themeisle-blocks-advanced-column-02d86bdf\" class=\"wp-block-themeisle-blocks-advanced-column\">\n<p style=\"text-align: center;\"><strong style=\"color: var(--nv-primary-accent); font-size: 14px; text-align: var(--text-align); font-family: var( --e-global-typography-text-font-family ), Sans-serif; letter-spacing: var(--bodyletterspacing); text-transform: var(--bodytexttransform);\">UNE QUESTION ? UN RENSEIGNEMENT ?<\/strong><\/p>\n<p style=\"text-align: center;\"><span style=\"font-family: var(--headingsfontfamily),var(--nv-fallback-ff); font-size: var(--h2fontsize); font-weight: var(--h2fontweight); letter-spacing: var(--h2letterspacing); text-align: var(--text-align); text-transform: var(--h2texttransform); color: var( --e-global-color-text );\">N&rsquo;h\u00e9sitez pas \u00e0 nous envoyer un message !<\/span><\/p>\n\n<div class=\"wpcf7 no-js\" id=\"wpcf7-f7184-o1\" lang=\"fr-FR\" dir=\"ltr\" data-wpcf7-id=\"7184\">\n<div class=\"screen-reader-response\"><p role=\"status\" aria-live=\"polite\" aria-atomic=\"true\"><\/p> <ul><\/ul><\/div>\n<form action=\"\/site\/wp-json\/wp\/v2\/pages\/7062#wpcf7-f7184-o1\" method=\"post\" class=\"wpcf7-form init\" aria-label=\"Formulaire de contact\" novalidate=\"novalidate\" data-status=\"init\">\n<fieldset class=\"hidden-fields-container\"><input type=\"hidden\" name=\"_wpcf7\" value=\"7184\" \/><input type=\"hidden\" name=\"_wpcf7_version\" value=\"6.1.5\" \/><input type=\"hidden\" name=\"_wpcf7_locale\" value=\"fr_FR\" \/><input type=\"hidden\" name=\"_wpcf7_unit_tag\" value=\"wpcf7-f7184-o1\" \/><input type=\"hidden\" name=\"_wpcf7_container_post\" value=\"0\" \/><input type=\"hidden\" name=\"_wpcf7_posted_data_hash\" value=\"\" \/>\n<\/fieldset>\n<p><label> Votre nom<br \/>\n<span class=\"wpcf7-form-control-wrap\" data-name=\"your-name\"><input size=\"40\" maxlength=\"400\" class=\"wpcf7-form-control wpcf7-text wpcf7-validates-as-required\" aria-required=\"true\" aria-invalid=\"false\" value=\"\" type=\"text\" name=\"your-name\" \/><\/span> <\/label>\n<\/p>\n<p><label> Votre e-mail<br \/>\n<span class=\"wpcf7-form-control-wrap\" data-name=\"your-email\"><input size=\"40\" maxlength=\"400\" class=\"wpcf7-form-control wpcf7-email wpcf7-validates-as-required wpcf7-text wpcf7-validates-as-email\" aria-required=\"true\" aria-invalid=\"false\" value=\"\" type=\"email\" name=\"your-email\" \/><\/span> <\/label>\n<\/p>\n<p><label> Objet<br \/>\n<span class=\"wpcf7-form-control-wrap\" data-name=\"your-subject\"><input size=\"40\" maxlength=\"400\" class=\"wpcf7-form-control wpcf7-text wpcf7-validates-as-required\" aria-required=\"true\" aria-invalid=\"false\" value=\"\" type=\"text\" name=\"your-subject\" \/><\/span> <\/label>\n<\/p>\n<p><label> Votre message (facultatif)<br \/>\n<span class=\"wpcf7-form-control-wrap\" data-name=\"your-message\"><textarea cols=\"40\" rows=\"10\" maxlength=\"2000\" class=\"wpcf7-form-control wpcf7-textarea\" aria-invalid=\"false\" name=\"your-message\"><\/textarea><\/span> <\/label>\n<\/p>\n<p><input class=\"wpcf7-form-control wpcf7-submit has-spinner\" type=\"submit\" value=\"Envoyer\" \/>\n<\/p><p style=\"display: none !important;\" class=\"akismet-fields-container\" data-prefix=\"_wpcf7_ak_\"><label>&#916;<textarea name=\"_wpcf7_ak_hp_textarea\" cols=\"45\" rows=\"8\" maxlength=\"100\"><\/textarea><\/label><input type=\"hidden\" id=\"ak_js_1\" name=\"_wpcf7_ak_js\" value=\"242\"\/><script>\ndocument.getElementById( \"ak_js_1\" ).setAttribute( \"value\", ( new Date() ).getTime() );\n<\/script>\n<\/p><div class=\"wpcf7-response-output\" aria-hidden=\"true\"><\/div>\n<\/form>\n<\/div>\n\n<\/div>\n<p><!-- \/wp:themeisle-blocks\/advanced-column --><\/p>\n<\/div>\n<\/div>\n<p><!-- \/wp:themeisle-blocks\/advanced-columns --><\/p>\n<p>\u00a0<\/p>\t\t\t\t\t\t\t\t<\/div>\n\t\t\t\t<\/div>\n\t\t\t\t\t<\/div>\n\t\t\t\t<\/div>\n\t\t\t\t<\/div>\n\t\t","protected":false},"excerpt":{"rendered":"<p>UNE QUESTION ? UN RENSEIGNEMENT ? N&rsquo;h\u00e9sitez pas \u00e0 nous envoyer un message ! \u00a0<\/p>\n","protected":false},"author":1,"featured_media":0,"parent":0,"menu_order":0,"comment_status":"closed","ping_status":"closed","template":"page-templates\/template-pagebuilder-full-width.php","meta":{"neve_meta_sidebar":"full-width","neve_meta_container":"contained","neve_meta_enable_content_width":"on","neve_meta_content_width":100,"neve_meta_title_alignment":"","neve_meta_author_avatar":"","neve_post_elements_order":"","neve_meta_disable_header":"","neve_meta_disable_footer":"","neve_meta_disable_title":"","footnotes":""},"class_list":["post-7062","page","type-page","status-publish","hentry"],"yoast_head":"<!-- This site is optimized with the Yoast SEO plugin v27.5 - https:\/\/yoast.com\/product\/yoast-seo-wordpress\/ -->\n<title>Contact - G\u00e9n\u00e9rations Sports<\/title>\n<meta name=\"robots\" content=\"index, follow, max-snippet:-1, max-image-preview:large, max-video-preview:-1\" \/>\n<link rel=\"canonical\" href=\"https:\/\/generations-sports.fr\/site\/a5213-contact\/\" \/>\n<meta property=\"og:locale\" content=\"fr_FR\" \/>\n<meta property=\"og:type\" content=\"article\" \/>\n<meta property=\"og:title\" content=\"Contact - G\u00e9n\u00e9rations Sports\" \/>\n<meta property=\"og:description\" content=\"UNE QUESTION ? UN RENSEIGNEMENT ? N&rsquo;h\u00e9sitez pas \u00e0 nous envoyer un message ! \u00a0\" \/>\n<meta property=\"og:url\" content=\"https:\/\/generations-sports.fr\/site\/a5213-contact\/\" \/>\n<meta property=\"og:site_name\" content=\"G\u00e9n\u00e9rations Sports\" \/>\n<meta property=\"article:modified_time\" content=\"2023-09-22T08:41:46+00:00\" \/>\n<meta property=\"og:image\" content=\"https:\/\/generations-sports.fr\/site\/wp-content\/uploads\/2022\/02\/eq3-3-300x225.jpg\" \/>\n<meta name=\"twitter:card\" content=\"summary_large_image\" \/>\n<meta name=\"twitter:label1\" content=\"Dur\u00e9e de lecture estim\u00e9e\" \/>\n\t<meta name=\"twitter:data1\" content=\"1 minute\" \/>\n<script type=\"application\/ld+json\" class=\"yoast-schema-graph\">{\"@context\":\"https:\\\/\\\/schema.org\",\"@graph\":[{\"@type\":\"WebPage\",\"@id\":\"https:\\\/\\\/generations-sports.fr\\\/site\\\/a5213-contact\\\/\",\"url\":\"https:\\\/\\\/generations-sports.fr\\\/site\\\/a5213-contact\\\/\",\"name\":\"Contact - G\u00e9n\u00e9rations Sports\",\"isPartOf\":{\"@id\":\"https:\\\/\\\/generations-sports.fr\\\/site\\\/#website\"},\"primaryImageOfPage\":{\"@id\":\"https:\\\/\\\/generations-sports.fr\\\/site\\\/a5213-contact\\\/#primaryimage\"},\"image\":{\"@id\":\"https:\\\/\\\/generations-sports.fr\\\/site\\\/a5213-contact\\\/#primaryimage\"},\"thumbnailUrl\":\"https:\\\/\\\/generations-sports.fr\\\/site\\\/wp-content\\\/uploads\\\/2022\\\/02\\\/eq3-3-300x225.jpg\",\"datePublished\":\"2020-02-17T13:21:10+00:00\",\"dateModified\":\"2023-09-22T08:41:46+00:00\",\"breadcrumb\":{\"@id\":\"https:\\\/\\\/generations-sports.fr\\\/site\\\/a5213-contact\\\/#breadcrumb\"},\"inLanguage\":\"fr-FR\",\"potentialAction\":[{\"@type\":\"ReadAction\",\"target\":[\"https:\\\/\\\/generations-sports.fr\\\/site\\\/a5213-contact\\\/\"]}]},{\"@type\":\"ImageObject\",\"inLanguage\":\"fr-FR\",\"@id\":\"https:\\\/\\\/generations-sports.fr\\\/site\\\/a5213-contact\\\/#primaryimage\",\"url\":\"https:\\\/\\\/generations-sports.fr\\\/site\\\/wp-content\\\/uploads\\\/2022\\\/02\\\/eq3-3-scaled.jpg\",\"contentUrl\":\"https:\\\/\\\/generations-sports.fr\\\/site\\\/wp-content\\\/uploads\\\/2022\\\/02\\\/eq3-3-scaled.jpg\",\"width\":2560,\"height\":1920},{\"@type\":\"BreadcrumbList\",\"@id\":\"https:\\\/\\\/generations-sports.fr\\\/site\\\/a5213-contact\\\/#breadcrumb\",\"itemListElement\":[{\"@type\":\"ListItem\",\"position\":1,\"name\":\"Accueil\",\"item\":\"https:\\\/\\\/generations-sports.fr\\\/site\\\/\"},{\"@type\":\"ListItem\",\"position\":2,\"name\":\"Contact\"}]},{\"@type\":\"WebSite\",\"@id\":\"https:\\\/\\\/generations-sports.fr\\\/site\\\/#website\",\"url\":\"https:\\\/\\\/generations-sports.fr\\\/site\\\/\",\"name\":\"G\u00e9n\u00e9rations Sports\",\"description\":\"Forme et bien-\u00eatre pour tous\",\"publisher\":{\"@id\":\"https:\\\/\\\/generations-sports.fr\\\/site\\\/#organization\"},\"potentialAction\":[{\"@type\":\"SearchAction\",\"target\":{\"@type\":\"EntryPoint\",\"urlTemplate\":\"https:\\\/\\\/generations-sports.fr\\\/site\\\/?s={search_term_string}\"},\"query-input\":{\"@type\":\"PropertyValueSpecification\",\"valueRequired\":true,\"valueName\":\"search_term_string\"}}],\"inLanguage\":\"fr-FR\"},{\"@type\":\"Organization\",\"@id\":\"https:\\\/\\\/generations-sports.fr\\\/site\\\/#organization\",\"name\":\"G\u00e9n\u00e9rations Sports\",\"url\":\"https:\\\/\\\/generations-sports.fr\\\/site\\\/\",\"logo\":{\"@type\":\"ImageObject\",\"inLanguage\":\"fr-FR\",\"@id\":\"https:\\\/\\\/generations-sports.fr\\\/site\\\/#\\\/schema\\\/logo\\\/image\\\/\",\"url\":\"https:\\\/\\\/generations-sports.fr\\\/site\\\/wp-content\\\/uploads\\\/2016\\\/04\\\/logo_GS_site-1.png\",\"contentUrl\":\"https:\\\/\\\/generations-sports.fr\\\/site\\\/wp-content\\\/uploads\\\/2016\\\/04\\\/logo_GS_site-1.png\",\"width\":641,\"height\":208,\"caption\":\"G\u00e9n\u00e9rations Sports\"},\"image\":{\"@id\":\"https:\\\/\\\/generations-sports.fr\\\/site\\\/#\\\/schema\\\/logo\\\/image\\\/\"}}]}<\/script>\n<!-- \/ Yoast SEO plugin. -->","yoast_head_json":{"title":"Contact - G\u00e9n\u00e9rations Sports","robots":{"index":"index","follow":"follow","max-snippet":"max-snippet:-1","max-image-preview":"max-image-preview:large","max-video-preview":"max-video-preview:-1"},"canonical":"https:\/\/generations-sports.fr\/site\/a5213-contact\/","og_locale":"fr_FR","og_type":"article","og_title":"Contact - G\u00e9n\u00e9rations Sports","og_description":"UNE QUESTION ? UN RENSEIGNEMENT ? N&rsquo;h\u00e9sitez pas \u00e0 nous envoyer un message ! \u00a0","og_url":"https:\/\/generations-sports.fr\/site\/a5213-contact\/","og_site_name":"G\u00e9n\u00e9rations Sports","article_modified_time":"2023-09-22T08:41:46+00:00","og_image":[{"url":"https:\/\/generations-sports.fr\/site\/wp-content\/uploads\/2022\/02\/eq3-3-300x225.jpg","type":"","width":"","height":""}],"twitter_card":"summary_large_image","twitter_misc":{"Dur\u00e9e de lecture estim\u00e9e":"1 minute"},"schema":{"@context":"https:\/\/schema.org","@graph":[{"@type":"WebPage","@id":"https:\/\/generations-sports.fr\/site\/a5213-contact\/","url":"https:\/\/generations-sports.fr\/site\/a5213-contact\/","name":"Contact - G\u00e9n\u00e9rations Sports","isPartOf":{"@id":"https:\/\/generations-sports.fr\/site\/#website"},"primaryImageOfPage":{"@id":"https:\/\/generations-sports.fr\/site\/a5213-contact\/#primaryimage"},"image":{"@id":"https:\/\/generations-sports.fr\/site\/a5213-contact\/#primaryimage"},"thumbnailUrl":"https:\/\/generations-sports.fr\/site\/wp-content\/uploads\/2022\/02\/eq3-3-300x225.jpg","datePublished":"2020-02-17T13:21:10+00:00","dateModified":"2023-09-22T08:41:46+00:00","breadcrumb":{"@id":"https:\/\/generations-sports.fr\/site\/a5213-contact\/#breadcrumb"},"inLanguage":"fr-FR","potentialAction":[{"@type":"ReadAction","target":["https:\/\/generations-sports.fr\/site\/a5213-contact\/"]}]},{"@type":"ImageObject","inLanguage":"fr-FR","@id":"https:\/\/generations-sports.fr\/site\/a5213-contact\/#primaryimage","url":"https:\/\/generations-sports.fr\/site\/wp-content\/uploads\/2022\/02\/eq3-3-scaled.jpg","contentUrl":"https:\/\/generations-sports.fr\/site\/wp-content\/uploads\/2022\/02\/eq3-3-scaled.jpg","width":2560,"height":1920},{"@type":"BreadcrumbList","@id":"https:\/\/generations-sports.fr\/site\/a5213-contact\/#breadcrumb","itemListElement":[{"@type":"ListItem","position":1,"name":"Accueil","item":"https:\/\/generations-sports.fr\/site\/"},{"@type":"ListItem","position":2,"name":"Contact"}]},{"@type":"WebSite","@id":"https:\/\/generations-sports.fr\/site\/#website","url":"https:\/\/generations-sports.fr\/site\/","name":"G\u00e9n\u00e9rations Sports","description":"Forme et bien-\u00eatre pour tous","publisher":{"@id":"https:\/\/generations-sports.fr\/site\/#organization"},"potentialAction":[{"@type":"SearchAction","target":{"@type":"EntryPoint","urlTemplate":"https:\/\/generations-sports.fr\/site\/?s={search_term_string}"},"query-input":{"@type":"PropertyValueSpecification","valueRequired":true,"valueName":"search_term_string"}}],"inLanguage":"fr-FR"},{"@type":"Organization","@id":"https:\/\/generations-sports.fr\/site\/#organization","name":"G\u00e9n\u00e9rations Sports","url":"https:\/\/generations-sports.fr\/site\/","logo":{"@type":"ImageObject","inLanguage":"fr-FR","@id":"https:\/\/generations-sports.fr\/site\/#\/schema\/logo\/image\/","url":"https:\/\/generations-sports.fr\/site\/wp-content\/uploads\/2016\/04\/logo_GS_site-1.png","contentUrl":"https:\/\/generations-sports.fr\/site\/wp-content\/uploads\/2016\/04\/logo_GS_site-1.png","width":641,"height":208,"caption":"G\u00e9n\u00e9rations Sports"},"image":{"@id":"https:\/\/generations-sports.fr\/site\/#\/schema\/logo\/image\/"}}]}},"_links":{"self":[{"href":"https:\/\/generations-sports.fr\/site\/wp-json\/wp\/v2\/pages\/7062","targetHints":{"allow":["GET"]}}],"collection":[{"href":"https:\/\/generations-sports.fr\/site\/wp-json\/wp\/v2\/pages"}],"about":[{"href":"https:\/\/generations-sports.fr\/site\/wp-json\/wp\/v2\/types\/page"}],"author":[{"embeddable":true,"href":"https:\/\/generations-sports.fr\/site\/wp-json\/wp\/v2\/users\/1"}],"replies":[{"embeddable":true,"href":"https:\/\/generations-sports.fr\/site\/wp-json\/wp\/v2\/comments?post=7062"}],"version-history":[{"count":19,"href":"https:\/\/generations-sports.fr\/site\/wp-json\/wp\/v2\/pages\/7062\/revisions"}],"predecessor-version":[{"id":7700,"href":"https:\/\/generations-sports.fr\/site\/wp-json\/wp\/v2\/pages\/7062\/revisions\/7700"}],"wp:attachment":[{"href":"https:\/\/generations-sports.fr\/site\/wp-json\/wp\/v2\/media?parent=7062"}],"curies":[{"name":"wp","href":"https:\/\/api.w.org\/{rel}","templated":true}]}}