{"id":7031,"date":"2021-08-02T09:16:49","date_gmt":"2021-08-02T07:16:49","guid":{"rendered":"https:\/\/generations-sports.fr\/site\/?page_id=7031"},"modified":"2025-09-03T09:08:56","modified_gmt":"2025-09-03T07:08:56","slug":"nouveau-planning-de-cours-collectifs","status":"publish","type":"page","link":"https:\/\/generations-sports.fr\/site\/nouveau-planning-de-cours-collectifs\/","title":{"rendered":"Coaching Groupe"},"content":{"rendered":"\t\t<div data-elementor-type=\"wp-page\" data-elementor-id=\"7031\" class=\"elementor elementor-7031\">\n\t\t\t\t<div class=\"elementor-element elementor-element-7217e8c e-flex e-con-boxed e-con e-parent\" data-id=\"7217e8c\" data-element_type=\"container\" data-e-type=\"container\">\n\t\t\t\t\t<div class=\"e-con-inner\">\n\t\t\t\t\t\t\t\n\t\t\t\t<a\n\t\t\thref=\"https:\/\/generations-sports.fr\/site\/reservation-coaching-groupe\/\" target=\"_self\"\n\t\t\tclass=\"e-image-link-base\"\n\t\t\tdata-interaction-id=\"43bbbe3\"\n\t\t>\n\t\t<img class=\"e-image-base \" \n\t\t\t\t\tdata-interaction-id=\"43bbbe3\" \n\t\t \n\t\t \n\t\t\t\t\t\t\t\t\tid=\"8049\"\n\t\t\t\t\t\t\t\t\t\t\t\tsrc=\"https:\/\/generations-sports.fr\/site\/wp-content\/uploads\/2025\/08\/Annonce-coaching-groupe-scaled.png\"\n\t\t\t\t\t\t\t\t\t\t\t\twidth=\"2465\"\n\t\t\t\t\t\t\t\t\t\t\t\theight=\"2560\"\n\t\t\t\t\t\t\t\t\t\t\t\tsrcset=\"https:\/\/generations-sports.fr\/site\/wp-content\/uploads\/2025\/08\/Annonce-coaching-groupe-scaled.png 2465w, https:\/\/generations-sports.fr\/site\/wp-content\/uploads\/2025\/08\/Annonce-coaching-groupe-289x300.png 289w, https:\/\/generations-sports.fr\/site\/wp-content\/uploads\/2025\/08\/Annonce-coaching-groupe-986x1024.png 986w, https:\/\/generations-sports.fr\/site\/wp-content\/uploads\/2025\/08\/Annonce-coaching-groupe-768x798.png 768w, https:\/\/generations-sports.fr\/site\/wp-content\/uploads\/2025\/08\/Annonce-coaching-groupe-1479x1536.png 1479w, https:\/\/generations-sports.fr\/site\/wp-content\/uploads\/2025\/08\/Annonce-coaching-groupe-1972x2048.png 1972w, https:\/\/generations-sports.fr\/site\/wp-content\/uploads\/2025\/08\/Annonce-coaching-groupe-320x332.png 320w, https:\/\/generations-sports.fr\/site\/wp-content\/uploads\/2025\/08\/Annonce-coaching-groupe-480x499.png 480w, https:\/\/generations-sports.fr\/site\/wp-content\/uploads\/2025\/08\/Annonce-coaching-groupe-800x831.png 800w\"\n\t\t\t\t\t\t\t\t\t\t\t\talt=\"\"\n\t\t\t\t\t\t\/>\n\t\t\t<\/a>\n\t\t\t\t\t\t<\/div>\n\t\t\t\t<\/div>\n\t\t<div class=\"elementor-element elementor-element-9154162 e-flex e-con-boxed e-con e-parent\" data-id=\"9154162\" data-element_type=\"container\" data-e-type=\"container\">\n\t\t\t\t\t<div class=\"e-con-inner\">\n\t\t\t\t\t<\/div>\n\t\t\t\t<\/div>\n\t\t<div class=\"elementor-element elementor-element-deb4103 e-con-full e-flex e-con e-parent\" data-id=\"deb4103\" data-element_type=\"container\" data-e-type=\"container\" data-settings=\"{&quot;background_background&quot;:&quot;gradient&quot;}\">\n\t\t\t\t\t\t\t<h2 \n\t\tdata-interaction-id=\"c5ef7a1\" \n\t\tclass=\"e-c5ef7a1-c023a2c e-heading-base\" \n\t\t \n\t\t\n\t>\n\t\n\t\t\tPetits effectifs\n\n\n\t\t<\/h2>\n\t\t\t\t<div class=\"elementor-element elementor-element-62f704f elementor-drop-cap-yes elementor-drop-cap-view-default elementor-widget elementor-widget-text-editor\" data-id=\"62f704f\" data-element_type=\"widget\" data-e-type=\"widget\" data-settings=\"{&quot;drop_cap&quot;:&quot;yes&quot;}\" data-widget_type=\"text-editor.default\">\n\t\t\t\t<div class=\"elementor-widget-container\">\n\t\t\t\t\t\t\t\t\t<h3 style=\"padding-left: 40px;\"><b>&#8211; Jusqu&rsquo;\u00e0 5 participants<\/b><\/h3><h3 style=\"padding-left: 40px;\">&#8211; Suivi personnalis\u00e9<\/h3><h3 style=\"padding-left: 40px;\">&#8211; 1h adapt\u00e9es \u00e0 vos objectifs<\/h3><h3 style=\"padding-left: 40px;\">&#8211; Choix du coach<\/h3><h3 style=\"padding-left: 40px;\">&#8211; Cr\u00e9neaux fixes<\/h3>\t\t\t\t\t\t\t\t<\/div>\n\t\t\t\t<\/div>\n\t\t\t\t<\/div>\n\t\t<div class=\"elementor-element elementor-element-8e5a97e e-con-full e-flex e-con e-parent\" data-id=\"8e5a97e\" data-element_type=\"container\" data-e-type=\"container\" data-settings=\"{&quot;background_background&quot;:&quot;gradient&quot;}\">\n\t\t\t\t\t\t\t<h2 \n\t\tdata-interaction-id=\"7b71181\" \n\t\tclass=\"e-7b71181-31e579e e-heading-base\" \n\t\t \n\t\t\n\t>\n\t\n\t\t\tFlexibilit\u00e9 totale\n\n\t\t<\/h2>\n\t\t\t\t<div class=\"elementor-element elementor-element-bb69109 elementor-widget elementor-widget-text-editor\" data-id=\"bb69109\" data-element_type=\"widget\" data-e-type=\"widget\" data-widget_type=\"text-editor.default\">\n\t\t\t\t<div class=\"elementor-widget-container\">\n\t\t\t\t\t\t\t\t\t<h3><b>&#8211; Pas d&rsquo;engagement<\/b><\/h3><h3>&#8211; Vous r\u00e9servez vos s\u00e9ances quand vous voulez<\/h3>\t\t\t\t\t\t\t\t<\/div>\n\t\t\t\t<\/div>\n\t\t\t\t<\/div>\n\t\t<div class=\"elementor-element elementor-element-9ea5224 e-con-full e-flex e-con e-parent\" data-id=\"9ea5224\" data-element_type=\"container\" data-e-type=\"container\" data-settings=\"{&quot;background_background&quot;:&quot;gradient&quot;}\">\n\t\t\t\t\t\t\t<h2 \n\t\tdata-interaction-id=\"0d39659\" \n\t\tclass=\"e-0d39659-b7e5bce e-heading-base\" \n\t\t \n\t\t\n\t>\n\t\n\t\t\tTarifs simples\n\t\t<\/h2>\n\t\t\t\t<div class=\"elementor-element elementor-element-ca32bcb elementor-widget elementor-widget-text-editor\" data-id=\"ca32bcb\" data-element_type=\"widget\" data-e-type=\"widget\" data-widget_type=\"text-editor.default\">\n\t\t\t\t<div class=\"elementor-widget-container\">\n\t\t\t\t\t\t\t\t\t<h3><strong>&#8211; 1 cr\u00e9dit =5\u20ac<\/strong><\/h3><h3><strong>&#8211; R\u00e9ductions sur les lots de cr\u00e9dits<\/strong><\/h3>\t\t\t\t\t\t\t\t<\/div>\n\t\t\t\t<\/div>\n\t\t\t\t<\/div>\n\t\t\t\t<div class=\"elementor-element elementor-element-1a09088 e-con e-atomic-element e-flexbox-base e-1a09088-dc713e7\" data-id=\"1a09088\" data-element_type=\"e-flexbox\" data-e-type=\"e-flexbox\" data-interaction-id=\"1a09088\">\n\t\t\t\t<div class=\"elementor-element elementor-element-f8b6fcf elementor-widget elementor-widget-text-editor\" data-id=\"f8b6fcf\" data-element_type=\"widget\" data-e-type=\"widget\" data-widget_type=\"text-editor.default\">\n\t\t\t\t<div class=\"elementor-widget-container\">\n\t\t\t\t\t\t\t\t\t<h2>100 cr\u00e9dits =<del> 500\u20ac<\/del> 435\u20ac soient 13 cr\u00e9dits offerts<\/h2><h2>50 cr\u00e9dits = <del>250\u20ac<\/del> 225\u20ac soient 5 cr\u00e9dits offerts<\/h2><h2>25 cr\u00e9dits = <del>125\u20ac<\/del> 115\u20ac soit 2 cr\u00e9dits offerts<\/h2><h2>10 cr\u00e9dits = 50\u20ac<\/h2>\t\t\t\t\t\t\t\t<\/div>\n\t\t\t\t<\/div>\n\t\t\t\t<\/div>\n\t\t<div class=\"elementor-element elementor-element-df78dce e-flex e-con-boxed e-con e-parent\" data-id=\"df78dce\" data-element_type=\"container\" data-e-type=\"container\">\n\t\t\t\t\t<div class=\"e-con-inner\">\n\t\t<div class=\"elementor-element elementor-element-4d2ea64 e-con-full e-flex e-con e-child\" data-id=\"4d2ea64\" data-element_type=\"container\" data-e-type=\"container\" data-settings=\"{&quot;background_background&quot;:&quot;gradient&quot;}\">\n\t\t\t\t<div class=\"elementor-element elementor-element-c414750 elementor-widget elementor-widget-text-editor\" data-id=\"c414750\" data-element_type=\"widget\" data-e-type=\"widget\" data-widget_type=\"text-editor.default\">\n\t\t\t\t<div class=\"elementor-widget-container\">\n\t\t\t\t\t\t\t\t\t<h2 style=\"text-align: center;\"><strong>S\u00e9ance pour 5 participants<\/strong><\/h2><h3 style=\"text-align: center;\">4 cr\u00e9dits\/personne<\/h3>\t\t\t\t\t\t\t\t<\/div>\n\t\t\t\t<\/div>\n\t\t\t\t<\/div>\n\t\t<div class=\"elementor-element elementor-element-b6c7ce4 e-con-full e-flex e-con e-child\" data-id=\"b6c7ce4\" data-element_type=\"container\" data-e-type=\"container\" data-settings=\"{&quot;background_background&quot;:&quot;gradient&quot;}\">\n\t\t\t\t<div class=\"elementor-element elementor-element-157d308 elementor-widget elementor-widget-text-editor\" data-id=\"157d308\" data-element_type=\"widget\" data-e-type=\"widget\" data-widget_type=\"text-editor.default\">\n\t\t\t\t<div class=\"elementor-widget-container\">\n\t\t\t\t\t\t\t\t\t<h2 style=\"text-align: center;\"><strong>S\u00e9ance pour 4 participants<\/strong><\/h2><h3 style=\"text-align: center;\">\u00a05 cr\u00e9dits\/personne<\/h3>\t\t\t\t\t\t\t\t<\/div>\n\t\t\t\t<\/div>\n\t\t\t\t<\/div>\n\t\t<div class=\"elementor-element elementor-element-71ccbf1 e-con-full e-flex e-con e-child\" data-id=\"71ccbf1\" data-element_type=\"container\" data-e-type=\"container\" data-settings=\"{&quot;background_background&quot;:&quot;gradient&quot;}\">\n\t\t\t\t<div class=\"elementor-element elementor-element-0983080 elementor-widget elementor-widget-text-editor\" data-id=\"0983080\" data-element_type=\"widget\" data-e-type=\"widget\" data-widget_type=\"text-editor.default\">\n\t\t\t\t<div class=\"elementor-widget-container\">\n\t\t\t\t\t\t\t\t\t<h2 style=\"text-align: center;\"><strong>S\u00e9ance pour 3 participants<\/strong><\/h2><h3 style=\"text-align: center;\">6 cr\u00e9dits\/personne<\/h3>\t\t\t\t\t\t\t\t<\/div>\n\t\t\t\t<\/div>\n\t\t\t\t<\/div>\n\t\t<div class=\"elementor-element elementor-element-4bd9e31 e-con-full e-flex e-con e-child\" data-id=\"4bd9e31\" data-element_type=\"container\" data-e-type=\"container\" data-settings=\"{&quot;background_background&quot;:&quot;gradient&quot;}\">\n\t\t\t\t<div class=\"elementor-element elementor-element-d2d5cae elementor-widget elementor-widget-text-editor\" data-id=\"d2d5cae\" data-element_type=\"widget\" data-e-type=\"widget\" data-widget_type=\"text-editor.default\">\n\t\t\t\t<div class=\"elementor-widget-container\">\n\t\t\t\t\t\t\t\t\t<h2 style=\"text-align: center;\"><strong>S\u00e9ance pour 2 participants<\/strong><\/h2><h3 style=\"text-align: center;\">7 cr\u00e9dits\/personne<\/h3>\t\t\t\t\t\t\t\t<\/div>\n\t\t\t\t<\/div>\n\t\t\t\t<\/div>\n\t\t<div class=\"elementor-element elementor-element-bb1de30 e-con-full e-flex e-con e-child\" data-id=\"bb1de30\" data-element_type=\"container\" data-e-type=\"container\" data-settings=\"{&quot;background_background&quot;:&quot;gradient&quot;}\">\n\t\t\t\t<div class=\"elementor-element elementor-element-a60a876 elementor-widget elementor-widget-text-editor\" data-id=\"a60a876\" data-element_type=\"widget\" data-e-type=\"widget\" data-widget_type=\"text-editor.default\">\n\t\t\t\t<div class=\"elementor-widget-container\">\n\t\t\t\t\t\t\t\t\t<h2 style=\"text-align: center;\"><strong>S\u00e9ance Coaching Perso<\/strong><\/h2><h3 style=\"text-align: center;\">8 cr\u00e9dits<\/h3>\t\t\t\t\t\t\t\t<\/div>\n\t\t\t\t<\/div>\n\t\t\t\t<\/div>\n\t\t\t\t\t<\/div>\n\t\t\t\t<\/div>\n\t\t<div class=\"elementor-element elementor-element-f62e402 e-flex e-con-boxed e-con e-parent\" data-id=\"f62e402\" data-element_type=\"container\" data-e-type=\"container\">\n\t\t\t\t\t<div class=\"e-con-inner\">\n\t\t\t\t\t    \t            <a\n            href=\"https:\/\/generations-sports.fr\/site\/reservation-coaching-groupe\/\" target=\"_blank\"\n            class=\"e-c341a04-d8ddea1 e-button-base\"\n            data-interaction-id=\"c341a04\"\n             \n        >\n            R\u00e9server vos cr\u00e9neaux !\n        <\/a>\n    \t\t\t\t\t<\/div>\n\t\t\t\t<\/div>\n\t\t\t\t<\/div>\n\t\t","protected":false},"excerpt":{"rendered":"<p>Petits effectifs &#8211; Jusqu&rsquo;\u00e0 5 participants &#8211; Suivi personnalis\u00e9 &#8211; 1h adapt\u00e9es \u00e0 vos objectifs &#8211; Choix du coach &#8211; Cr\u00e9neaux fixes Flexibilit\u00e9 totale &#8211; Pas d&rsquo;engagement &#8211; Vous r\u00e9servez vos s\u00e9ances quand vous voulez Tarifs simples &#8211; 1 cr\u00e9dit =5\u20ac &#8211; R\u00e9ductions sur les lots de cr\u00e9dits 100 cr\u00e9dits = 500\u20ac 435\u20ac soient 13&hellip;&nbsp;<a href=\"https:\/\/generations-sports.fr\/site\/nouveau-planning-de-cours-collectifs\/\" rel=\"bookmark\">Lire la suite &raquo;<span class=\"screen-reader-text\">Coaching Groupe<\/span><\/a><\/p>\n","protected":false},"author":1,"featured_media":0,"parent":0,"menu_order":0,"comment_status":"closed","ping_status":"closed","template":"elementor_theme","meta":{"neve_meta_sidebar":"","neve_meta_container":"","neve_meta_enable_content_width":"off","neve_meta_content_width":100,"neve_meta_title_alignment":"","neve_meta_author_avatar":"","neve_post_elements_order":"","neve_meta_disable_header":"","neve_meta_disable_footer":"","neve_meta_disable_title":"on","footnotes":""},"class_list":["post-7031","page","type-page","status-publish","hentry"],"yoast_head":"<!-- This site is optimized with the Yoast SEO plugin v27.5 - https:\/\/yoast.com\/product\/yoast-seo-wordpress\/ -->\n<title>Coaching Groupe - G\u00e9n\u00e9rations Sports<\/title>\n<meta name=\"robots\" content=\"index, follow, max-snippet:-1, max-image-preview:large, max-video-preview:-1\" \/>\n<link rel=\"canonical\" href=\"https:\/\/generations-sports.fr\/site\/nouveau-planning-de-cours-collectifs\/\" \/>\n<meta property=\"og:locale\" content=\"fr_FR\" \/>\n<meta property=\"og:type\" content=\"article\" \/>\n<meta property=\"og:title\" content=\"Coaching Groupe - G\u00e9n\u00e9rations Sports\" \/>\n<meta property=\"og:description\" content=\"Petits effectifs &#8211; Jusqu&rsquo;\u00e0 5 participants &#8211; Suivi personnalis\u00e9 &#8211; 1h adapt\u00e9es \u00e0 vos objectifs &#8211; Choix du coach &#8211; Cr\u00e9neaux fixes Flexibilit\u00e9 totale &#8211; Pas d&rsquo;engagement &#8211; Vous r\u00e9servez vos s\u00e9ances quand vous voulez Tarifs simples &#8211; 1 cr\u00e9dit =5\u20ac &#8211; R\u00e9ductions sur les lots de cr\u00e9dits 100 cr\u00e9dits = 500\u20ac 435\u20ac soient 13&hellip;&nbsp;Lire la suite &raquo;Coaching Groupe\" \/>\n<meta property=\"og:url\" content=\"https:\/\/generations-sports.fr\/site\/nouveau-planning-de-cours-collectifs\/\" \/>\n<meta property=\"og:site_name\" content=\"G\u00e9n\u00e9rations Sports\" \/>\n<meta property=\"article:modified_time\" content=\"2025-09-03T07:08:56+00:00\" \/>\n<meta property=\"og:image\" content=\"https:\/\/generations-sports.fr\/site\/wp-content\/uploads\/2025\/08\/Annonce-coaching-groupe-scaled.png\" \/>\n<meta name=\"twitter:card\" content=\"summary_large_image\" \/>\n<meta name=\"twitter:label1\" content=\"Dur\u00e9e de lecture estim\u00e9e\" \/>\n\t<meta name=\"twitter:data1\" content=\"1 minute\" \/>\n<script type=\"application\/ld+json\" class=\"yoast-schema-graph\">{\"@context\":\"https:\\\/\\\/schema.org\",\"@graph\":[{\"@type\":\"WebPage\",\"@id\":\"https:\\\/\\\/generations-sports.fr\\\/site\\\/nouveau-planning-de-cours-collectifs\\\/\",\"url\":\"https:\\\/\\\/generations-sports.fr\\\/site\\\/nouveau-planning-de-cours-collectifs\\\/\",\"name\":\"Coaching Groupe - G\u00e9n\u00e9rations Sports\",\"isPartOf\":{\"@id\":\"https:\\\/\\\/generations-sports.fr\\\/site\\\/#website\"},\"primaryImageOfPage\":{\"@id\":\"https:\\\/\\\/generations-sports.fr\\\/site\\\/nouveau-planning-de-cours-collectifs\\\/#primaryimage\"},\"image\":{\"@id\":\"https:\\\/\\\/generations-sports.fr\\\/site\\\/nouveau-planning-de-cours-collectifs\\\/#primaryimage\"},\"thumbnailUrl\":\"https:\\\/\\\/generations-sports.fr\\\/site\\\/wp-content\\\/uploads\\\/2025\\\/08\\\/Annonce-coaching-groupe-scaled.png\",\"datePublished\":\"2021-08-02T07:16:49+00:00\",\"dateModified\":\"2025-09-03T07:08:56+00:00\",\"breadcrumb\":{\"@id\":\"https:\\\/\\\/generations-sports.fr\\\/site\\\/nouveau-planning-de-cours-collectifs\\\/#breadcrumb\"},\"inLanguage\":\"fr-FR\",\"potentialAction\":[{\"@type\":\"ReadAction\",\"target\":[\"https:\\\/\\\/generations-sports.fr\\\/site\\\/nouveau-planning-de-cours-collectifs\\\/\"]}]},{\"@type\":\"ImageObject\",\"inLanguage\":\"fr-FR\",\"@id\":\"https:\\\/\\\/generations-sports.fr\\\/site\\\/nouveau-planning-de-cours-collectifs\\\/#primaryimage\",\"url\":\"https:\\\/\\\/generations-sports.fr\\\/site\\\/wp-content\\\/uploads\\\/2025\\\/08\\\/Annonce-coaching-groupe-scaled.png\",\"contentUrl\":\"https:\\\/\\\/generations-sports.fr\\\/site\\\/wp-content\\\/uploads\\\/2025\\\/08\\\/Annonce-coaching-groupe-scaled.png\",\"width\":2465,\"height\":2560},{\"@type\":\"BreadcrumbList\",\"@id\":\"https:\\\/\\\/generations-sports.fr\\\/site\\\/nouveau-planning-de-cours-collectifs\\\/#breadcrumb\",\"itemListElement\":[{\"@type\":\"ListItem\",\"position\":1,\"name\":\"Accueil\",\"item\":\"https:\\\/\\\/generations-sports.fr\\\/site\\\/\"},{\"@type\":\"ListItem\",\"position\":2,\"name\":\"Coaching Groupe\"}]},{\"@type\":\"WebSite\",\"@id\":\"https:\\\/\\\/generations-sports.fr\\\/site\\\/#website\",\"url\":\"https:\\\/\\\/generations-sports.fr\\\/site\\\/\",\"name\":\"G\u00e9n\u00e9rations Sports\",\"description\":\"Forme et bien-\u00eatre pour tous\",\"publisher\":{\"@id\":\"https:\\\/\\\/generations-sports.fr\\\/site\\\/#organization\"},\"potentialAction\":[{\"@type\":\"SearchAction\",\"target\":{\"@type\":\"EntryPoint\",\"urlTemplate\":\"https:\\\/\\\/generations-sports.fr\\\/site\\\/?s={search_term_string}\"},\"query-input\":{\"@type\":\"PropertyValueSpecification\",\"valueRequired\":true,\"valueName\":\"search_term_string\"}}],\"inLanguage\":\"fr-FR\"},{\"@type\":\"Organization\",\"@id\":\"https:\\\/\\\/generations-sports.fr\\\/site\\\/#organization\",\"name\":\"G\u00e9n\u00e9rations Sports\",\"url\":\"https:\\\/\\\/generations-sports.fr\\\/site\\\/\",\"logo\":{\"@type\":\"ImageObject\",\"inLanguage\":\"fr-FR\",\"@id\":\"https:\\\/\\\/generations-sports.fr\\\/site\\\/#\\\/schema\\\/logo\\\/image\\\/\",\"url\":\"https:\\\/\\\/generations-sports.fr\\\/site\\\/wp-content\\\/uploads\\\/2016\\\/04\\\/logo_GS_site-1.png\",\"contentUrl\":\"https:\\\/\\\/generations-sports.fr\\\/site\\\/wp-content\\\/uploads\\\/2016\\\/04\\\/logo_GS_site-1.png\",\"width\":641,\"height\":208,\"caption\":\"G\u00e9n\u00e9rations Sports\"},\"image\":{\"@id\":\"https:\\\/\\\/generations-sports.fr\\\/site\\\/#\\\/schema\\\/logo\\\/image\\\/\"}}]}<\/script>\n<!-- \/ Yoast SEO plugin. -->","yoast_head_json":{"title":"Coaching Groupe - G\u00e9n\u00e9rations Sports","robots":{"index":"index","follow":"follow","max-snippet":"max-snippet:-1","max-image-preview":"max-image-preview:large","max-video-preview":"max-video-preview:-1"},"canonical":"https:\/\/generations-sports.fr\/site\/nouveau-planning-de-cours-collectifs\/","og_locale":"fr_FR","og_type":"article","og_title":"Coaching Groupe - G\u00e9n\u00e9rations Sports","og_description":"Petits effectifs &#8211; Jusqu&rsquo;\u00e0 5 participants &#8211; Suivi personnalis\u00e9 &#8211; 1h adapt\u00e9es \u00e0 vos objectifs &#8211; Choix du coach &#8211; Cr\u00e9neaux fixes Flexibilit\u00e9 totale &#8211; Pas d&rsquo;engagement &#8211; Vous r\u00e9servez vos s\u00e9ances quand vous voulez Tarifs simples &#8211; 1 cr\u00e9dit =5\u20ac &#8211; R\u00e9ductions sur les lots de cr\u00e9dits 100 cr\u00e9dits = 500\u20ac 435\u20ac soient 13&hellip;&nbsp;Lire la suite &raquo;Coaching Groupe","og_url":"https:\/\/generations-sports.fr\/site\/nouveau-planning-de-cours-collectifs\/","og_site_name":"G\u00e9n\u00e9rations Sports","article_modified_time":"2025-09-03T07:08:56+00:00","og_image":[{"url":"https:\/\/generations-sports.fr\/site\/wp-content\/uploads\/2025\/08\/Annonce-coaching-groupe-scaled.png","type":"","width":"","height":""}],"twitter_card":"summary_large_image","twitter_misc":{"Dur\u00e9e de lecture estim\u00e9e":"1 minute"},"schema":{"@context":"https:\/\/schema.org","@graph":[{"@type":"WebPage","@id":"https:\/\/generations-sports.fr\/site\/nouveau-planning-de-cours-collectifs\/","url":"https:\/\/generations-sports.fr\/site\/nouveau-planning-de-cours-collectifs\/","name":"Coaching Groupe - G\u00e9n\u00e9rations Sports","isPartOf":{"@id":"https:\/\/generations-sports.fr\/site\/#website"},"primaryImageOfPage":{"@id":"https:\/\/generations-sports.fr\/site\/nouveau-planning-de-cours-collectifs\/#primaryimage"},"image":{"@id":"https:\/\/generations-sports.fr\/site\/nouveau-planning-de-cours-collectifs\/#primaryimage"},"thumbnailUrl":"https:\/\/generations-sports.fr\/site\/wp-content\/uploads\/2025\/08\/Annonce-coaching-groupe-scaled.png","datePublished":"2021-08-02T07:16:49+00:00","dateModified":"2025-09-03T07:08:56+00:00","breadcrumb":{"@id":"https:\/\/generations-sports.fr\/site\/nouveau-planning-de-cours-collectifs\/#breadcrumb"},"inLanguage":"fr-FR","potentialAction":[{"@type":"ReadAction","target":["https:\/\/generations-sports.fr\/site\/nouveau-planning-de-cours-collectifs\/"]}]},{"@type":"ImageObject","inLanguage":"fr-FR","@id":"https:\/\/generations-sports.fr\/site\/nouveau-planning-de-cours-collectifs\/#primaryimage","url":"https:\/\/generations-sports.fr\/site\/wp-content\/uploads\/2025\/08\/Annonce-coaching-groupe-scaled.png","contentUrl":"https:\/\/generations-sports.fr\/site\/wp-content\/uploads\/2025\/08\/Annonce-coaching-groupe-scaled.png","width":2465,"height":2560},{"@type":"BreadcrumbList","@id":"https:\/\/generations-sports.fr\/site\/nouveau-planning-de-cours-collectifs\/#breadcrumb","itemListElement":[{"@type":"ListItem","position":1,"name":"Accueil","item":"https:\/\/generations-sports.fr\/site\/"},{"@type":"ListItem","position":2,"name":"Coaching Groupe"}]},{"@type":"WebSite","@id":"https:\/\/generations-sports.fr\/site\/#website","url":"https:\/\/generations-sports.fr\/site\/","name":"G\u00e9n\u00e9rations Sports","description":"Forme et bien-\u00eatre pour tous","publisher":{"@id":"https:\/\/generations-sports.fr\/site\/#organization"},"potentialAction":[{"@type":"SearchAction","target":{"@type":"EntryPoint","urlTemplate":"https:\/\/generations-sports.fr\/site\/?s={search_term_string}"},"query-input":{"@type":"PropertyValueSpecification","valueRequired":true,"valueName":"search_term_string"}}],"inLanguage":"fr-FR"},{"@type":"Organization","@id":"https:\/\/generations-sports.fr\/site\/#organization","name":"G\u00e9n\u00e9rations Sports","url":"https:\/\/generations-sports.fr\/site\/","logo":{"@type":"ImageObject","inLanguage":"fr-FR","@id":"https:\/\/generations-sports.fr\/site\/#\/schema\/logo\/image\/","url":"https:\/\/generations-sports.fr\/site\/wp-content\/uploads\/2016\/04\/logo_GS_site-1.png","contentUrl":"https:\/\/generations-sports.fr\/site\/wp-content\/uploads\/2016\/04\/logo_GS_site-1.png","width":641,"height":208,"caption":"G\u00e9n\u00e9rations Sports"},"image":{"@id":"https:\/\/generations-sports.fr\/site\/#\/schema\/logo\/image\/"}}]}},"_links":{"self":[{"href":"https:\/\/generations-sports.fr\/site\/wp-json\/wp\/v2\/pages\/7031","targetHints":{"allow":["GET"]}}],"collection":[{"href":"https:\/\/generations-sports.fr\/site\/wp-json\/wp\/v2\/pages"}],"about":[{"href":"https:\/\/generations-sports.fr\/site\/wp-json\/wp\/v2\/types\/page"}],"author":[{"embeddable":true,"href":"https:\/\/generations-sports.fr\/site\/wp-json\/wp\/v2\/users\/1"}],"replies":[{"embeddable":true,"href":"https:\/\/generations-sports.fr\/site\/wp-json\/wp\/v2\/comments?post=7031"}],"version-history":[{"count":188,"href":"https:\/\/generations-sports.fr\/site\/wp-json\/wp\/v2\/pages\/7031\/revisions"}],"predecessor-version":[{"id":8455,"href":"https:\/\/generations-sports.fr\/site\/wp-json\/wp\/v2\/pages\/7031\/revisions\/8455"}],"wp:attachment":[{"href":"https:\/\/generations-sports.fr\/site\/wp-json\/wp\/v2\/media?parent=7031"}],"curies":[{"name":"wp","href":"https:\/\/api.w.org\/{rel}","templated":true}]}}